{"id":1235,"date":"2026-03-25T13:28:19","date_gmt":"2026-03-25T20:28:19","guid":{"rendered":"https:\/\/lic.mat.uson.mx\/web\/?page_id=1235"},"modified":"2026-03-25T13:28:19","modified_gmt":"2026-03-25T20:28:19","slug":"titulaciones","status":"publish","type":"page","link":"https:\/\/lic.mat.uson.mx\/web\/index.php\/titulaciones\/","title":{"rendered":"Titulaciones"},"content":{"rendered":"<p><span data-olk-copy-source=\"MessageBody\">La informaci\u00f3n general sobre las opciones de titulaci\u00f3n, el proceso para emitir el t\u00edtulo y los requisitos de titulaci\u00f3n se encuentran disponibles en la p\u00e1gina de la Direcci\u00f3n de Servicios Escolares (<a href=\"https:\/\/serviciosescolares.unison.mx\/titulacion-de-licenciatura\/\">https:\/\/serviciosescolares.unison.mx\/titulacion-de-licenciatura\/<\/a><\/span><span data-olk-copy-source=\"MessageBody\">)<\/span>.<\/p>\n<div class=\"x_elementToProof\" data-olk-copy-source=\"MessageBody\">En caso de seleccionar la opci\u00f3n de titulaci\u00f3n por Tesis Profesional, se deber\u00e1n seguir los siguientes pasos:<\/div>\n<ol start=\"1\" data-start=\"242\" data-end=\"2144\">\n<li><b>Registro del proyecto de tesis.<\/b><br \/>\nPara formalizar el inicio del trabajo, quien dirige el trabajo de tesis deber\u00e1 registrar el proyecto ante la coordinaci\u00f3n de la Licenciatura en Matem\u00e1ticas, utilizando el formato <span role=\"presentation\">&#8220;<a href=\"\/titulaciones\/01RegistroProyecto-Director.docx\">01 Registro del proyecto (Director).docx<\/a>&#8220;.<\/span><\/li>\n<li><b>Comit\u00e9 revisor y programaci\u00f3n del seminario de tesis.<\/b><br \/>\nUna vez concluido el trabajo de tesis, se deber\u00e1 notificar a la coordinaci\u00f3n su conclusi\u00f3n y solicitar la asignaci\u00f3n de un comit\u00e9 revisor, indicando la fecha propuesta para la realizaci\u00f3n del seminario, mediante el formato <span role=\"presentation\">&#8220;<a href=\"\/titulaciones\/02SolicitudComiteRevisor-Estudiante.docx\">02 Solicitud de comit\u00e9 revisor (Estudiante).docx<\/a>&#8220;.<\/span><br \/>\nCon esta informaci\u00f3n, la coordinaci\u00f3n emitir\u00e1 los nombramientos correspondientes y quien dirige el trabajo de tesis podr\u00e1 reservar el espacio para llevar a cabo el seminario.<\/li>\n<li><b>Dictamen del seminario de tesis.<\/b><br \/>\nUna vez concluido el seminario, si el trabajo es evaluado favorablemente, el comit\u00e9 revisor emitir\u00e1 un dictamen informando su resultado a la coordinaci\u00f3n. Quien preside el comit\u00e9 ser\u00e1 responsable de entregar dicho documento, utilizando el formato <span role=\"presentation\">&#8220;<a href=\"\/titulaciones\/03DictamenSeminario-ComiteRevisor.docx\">03 Dictamen de seminario (ComiteRevisor).docx<\/a>&#8220;.<\/span><\/li>\n<li>\n<div class=\"x_elementToProof\" role=\"presentation\"><b>Jurado y programaci\u00f3n del examen profesional.<\/b><br \/>\nCon el respaldo del dictamen favorable del comit\u00e9 revisor, se deber\u00e1 entregar a la coordinaci\u00f3n la solicitud de asignaci\u00f3n de fecha para el examen profesional, as\u00ed como la propuesta de integraci\u00f3n del jurado, mediante el formato &#8220;<a href=\"\/titulaciones\/04SolicitudExamenProfesional-Estudiante.docx\">04 Solicitud de examen profesional (Estudiante).docx<\/a>&#8220;.<br \/>\nCon esta informaci\u00f3n, la coordinaci\u00f3n solicitar\u00e1 a la Jefatura del Departamento la emisi\u00f3n del nombramiento del jurado, y quien dirige el trabajo de tesis podr\u00e1 reservar el espacio para llevar a cabo el examen (generalmente el Auditorio del Departamento de Matem\u00e1ticas o la Sala Audiovisual).<\/div>\n<\/li>\n<li><b>Entrega de requisitos previos.<\/b><br \/>\nAl menos tres d\u00edas h\u00e1biles antes de la fecha programada para el examen, se deber\u00e1 cumplir con lo siguiente:<\/li>\n<\/ol>\n<ul data-start=\"2145\" data-end=\"2583\">\n<li>Realizar el pago correspondiente a &#8220;Derecho a Examen&#8221; a trav\u00e9s del portal de alumnado (m\u00e1s informaci\u00f3n: <a id=\"OWAb67aa446-40d8-95e7-862d-16c81cd707a4\" class=\"x_decorated-link x_OWAAutoLink\" title=\"https:\/\/serviciosescolares.unison.mx\/titulacion-por-tesis-profesional\/\" href=\"https:\/\/serviciosescolares.unison.mx\/titulacion-por-tesis-profesional\/\" target=\"_blank\" rel=\"noopener noreferrer\" data-start=\"2251\" data-end=\"2321\" data-auth=\"NotApplicable\" data-linkindex=\"1\">https:\/\/serviciosescolares.unison.mx\/titulacion-por-tesis-profesional\/<\/a>).<\/li>\n<li>Entregar las fotograf\u00edas f\u00edsicas a la persona operadora del programa de la licenciatura, ubicada en la oficina de la Coordinaci\u00f3n del Posgrado en Ciencias Matem\u00e1ticas (especificaciones: <a id=\"OWA361135e9-2cb3-58ce-b84a-99adb689f994\" class=\"x_decorated-link x_OWAAutoLink\" title=\"https:\/\/serviciosescolares.unison.mx\/disposiciones-para-fotografia\/\" href=\"https:\/\/serviciosescolares.unison.mx\/disposiciones-para-fotografia\/\" target=\"_blank\" rel=\"noopener noreferrer\" data-start=\"2514\" data-end=\"2581\" data-auth=\"NotApplicable\" data-linkindex=\"2\">https:\/\/serviciosescolares.unison.mx\/disposiciones-para-fotografia\/<\/a>).<\/li>\n<\/ul>\n<ol start=\"6\" data-start=\"2585\" data-end=\"3488\">\n<li><b>Registro en el sistema.<\/b><br \/>\nCon los requisitos anteriores cubiertos, la persona operadora del programa proceder\u00e1 a registrar la informaci\u00f3n en el sistema para generar el acta de examen y enviar la invitaci\u00f3n a la comunidad para asistir al examen profesional.<br \/>\n<b>IMPORTANTE:<\/b>\u00a0No se registrar\u00e1 informaci\u00f3n en el sistema ni se entregar\u00e1 el libro de actas si no se han cubierto los requisitos indicados en el punto 5.<\/li>\n<li><b>Recolecci\u00f3n del libro de actas.<\/b><br \/>\nEl d\u00eda del examen, quien funja como secretario del jurado deber\u00e1 recoger el libro de actas con la persona operadora del programa, para que este pueda ser firmado por el jurado al concluir el examen profesional.<\/li>\n<li><b>Cierre del tr\u00e1mite.<\/b><br \/>\nUna vez aprobado el examen profesional, para recibir el acta de examen (documento indispensable para solicitar el t\u00edtulo), se deber\u00e1 entregar a la persona operadora del programa de la licenciatura:<\/li>\n<\/ol>\n<ul data-start=\"3489\" data-end=\"3583\">\n<li>3 copias f\u00edsicas del trabajo de tesis.<\/li>\n<li>\n<div role=\"presentation\">1 memoria USB con la versi\u00f3n digital del trabajo.<\/div>\n<\/li>\n<\/ul>\n<p>&nbsp;<\/p>\n","protected":false},"excerpt":{"rendered":"La informaci\u00f3n general sobre las opciones de titulaci\u00f3n, el proceso para emitir el t\u00edtulo y los requisitos de titulaci\u00f3n se encuentran disponibles en \n<a class=\"moretag\" href=\"https:\/\/lic.mat.uson.mx\/web\/index.php\/titulaciones\/\"> [...]<\/a>","protected":false},"author":1,"featured_media":0,"parent":0,"menu_order":0,"comment_status":"closed","ping_status":"closed","template":"","meta":{"footnotes":"","_links_to":"","_links_to_target":""},"_links":{"self":[{"href":"https:\/\/lic.mat.uson.mx\/web\/index.php\/wp-json\/wp\/v2\/pages\/1235"}],"collection":[{"href":"https:\/\/lic.mat.uson.mx\/web\/index.php\/wp-json\/wp\/v2\/pages"}],"about":[{"href":"https:\/\/lic.mat.uson.mx\/web\/index.php\/wp-json\/wp\/v2\/types\/page"}],"author":[{"embeddable":true,"href":"https:\/\/lic.mat.uson.mx\/web\/index.php\/wp-json\/wp\/v2\/users\/1"}],"replies":[{"embeddable":true,"href":"https:\/\/lic.mat.uson.mx\/web\/index.php\/wp-json\/wp\/v2\/comments?post=1235"}],"version-history":[{"count":1,"href":"https:\/\/lic.mat.uson.mx\/web\/index.php\/wp-json\/wp\/v2\/pages\/1235\/revisions"}],"predecessor-version":[{"id":1236,"href":"https:\/\/lic.mat.uson.mx\/web\/index.php\/wp-json\/wp\/v2\/pages\/1235\/revisions\/1236"}],"wp:attachment":[{"href":"https:\/\/lic.mat.uson.mx\/web\/index.php\/wp-json\/wp\/v2\/media?parent=1235"}],"curies":[{"name":"wp","href":"https:\/\/api.w.org\/{rel}","templated":true}]}}