{"id":177,"date":"2020-01-31T18:30:25","date_gmt":"2020-01-31T18:30:25","guid":{"rendered":"http:\/\/posgrado.mat.uson.mx\/licmat\/?page_id=177"},"modified":"2020-01-31T18:36:12","modified_gmt":"2020-01-31T18:36:12","slug":"descripcion-general","status":"publish","type":"page","link":"https:\/\/lic.mat.uson.mx\/web\/index.php\/descripcion-general\/","title":{"rendered":"Descripci\u00f3n General"},"content":{"rendered":"\n<p>Nombre del Programa: Licenciatura en Matem\u00e1ticas.<br>Adscripci\u00f3n: Divisi\u00f3n de Ciencias Exactas y Naturales, Unidad Regional Centro de la  Universidad de Sonora. <br>Disponibilidad de Espacios con los que Cuenta la Licenciatura: 80 espacios por periodo escolar.<br>Egreso Previsible: Superior al 50% del ingreso captado anualmente.<br>Periodo Normal para Egresar: 8 semestres (4 a\u00f1os).<br>Grado que Confiere: Licenciado en Matem\u00e1ticas.<\/p>\n\n\n\n<p>El programa de la Licenciatura de Matem\u00e1ticas esta dividido en semestres, estructurados en 5 ejes formativos los cuales se describen a continuaci\u00f3n.<\/p>\n\n\n\n<h3 class=\"wp-block-heading\">Eje de Formaci\u00f3n Com\u00fan: <\/h3>\n\n\n\n<p>conformado por las experiencias de aprendizaje comunes a todos  los programas de licenciatura de la universidad, cuyo prop\u00f3sito es, principalmente, de car\u00e1cter formativo. Esto es, estimular el desarrollo de conocimientos, habilidades, actitudes y h\u00e1bitos de car\u00e1cter metodol\u00f3gico, instrumental, contextual y \u00e9tico. Las experiencias de aprendizaje de este eje guardan relaci\u00f3n entre s\u00ed en tanto que comparten el prop\u00f3sito de sentar las bases para que los estudiantes desarrollen la capacidad de autoaprendizaje durante sus estudios de licenciatura.  <br> Las materias incluidas dentro del Eje de Formaci\u00f3n Com\u00fan son Estrategias para Aprender a Aprender, Introducci\u00f3n a las Nuevas Tecnolog\u00edas de la Informaci\u00f3n y la Comunicaci\u00f3n, \u00c9tica y Desarrollo Profesional, y Caracter\u00edsticas de la Sociedad Actual. Adem\u00e1s, en este eje se consideran las Actividades Complementarias de la Formaci\u00f3n Integral (Artes\/Deportes), las cuales se acreditar\u00e1n en los primeros seis semestres de los estudios de licenciatura. La Universidad de Sonora es responsable de buscar y conformar un padr\u00f3n de instituciones donde podr\u00e1n desarrollarse dichas actividades, de las cuales el Departamento de Matem\u00e1ticas, a trav\u00e9s de la Coordinaci\u00f3n del Programa de la Licenciatura en Matem\u00e1ticas, decidir\u00e1 cu\u00e1les de las actividades propuestas los alumnos podr\u00e1n acreditar, previa autorizaci\u00f3n  de sus tutores.<\/p>\n\n\n\n<h3 class=\"wp-block-heading\">Eje de Formaci\u00f3n B\u00e1sica:<\/h3>\n\n\n\n<p>tambi\u00e9n llamado Eje Divisional o Interdivisional, est\u00e1 conformado por materias que aportan los conceptos, conocimientos y habilidades b\u00e1sicas formativas, comunes a varias \u00e1reas o disciplinas; con ello se inicia la adquisici\u00f3n de un conocimiento profundo sobre la(s) disciplina(s) relacionada(s) con el programa. Tambi\u00e9n colaboran en el desarrollo de un profesionista con una perspectiva interdisciplinaria, ya que se comparten experiencias de aprendizaje con alumnos y profesores de diferentes disciplinas afines. Adem\u00e1s, este grupo debe incluir asignaturas que proporcionen las actitudes de trabajo esenciales para el correcto abordaje de problemas en la futura profesi\u00f3n, fortaleciendo el enfoque multidisciplinario. La mayor\u00eda de las asignaturas de este bloque son compartidas por los Programas Educativos de la Divisi\u00f3n de Ciencias Exactas y Naturales de la Unidad Regional Centro de la Universidad de Sonora.<\/p>\n\n\n\n<p>El Nuevo Plan de Estudios de la Licenciatura en Matem\u00e1ticas considera asignaturas de Matem\u00e1ticas y F\u00edsica que se comparten con otros Programas Educativos como parte del Eje de Formaci\u00f3n B\u00e1sica, adem\u00e1s de incluir otras que por su contenido son consideradas como b\u00e1sicas, pero que son exclusivas para la formaci\u00f3n del matem\u00e1tico.<\/p>\n\n\n\n<h3 class=\"wp-block-heading\">Eje de Formaci\u00f3n Profesional:<\/h3>\n\n\n\n<p>por sus caracter\u00edsticas, este eje proporciona los conocimientos, habilidades y\/o destrezas que forman al estudiante para el ejercicio profesional de las matem\u00e1ticas.<\/p>\n\n\n\n<p>Eje de Integraci\u00f3n: compuesto por diversas modalidades del proceso ense\u00f1anza-aprendizaje, donde se desarrollar\u00e1n actividades que contemplan el cumplimiento de los objetivos siguientes:<\/p>\n\n\n\n<ul><li>Aplicar y dar continuidad a los elementos formadores del eje institucional (fortalecer las habilidades intelectuales de estudio, la b\u00fasqueda y manejo de informaci\u00f3n, responsabilidad social y \u00e9tica profesional, entre otros).<\/li><li>Aplicar los conocimientos adquiridos en etapas previas en la resoluci\u00f3n de problemas propios de la disciplina o la profesi\u00f3n desde una perspectiva interdisciplinaria.<\/li><li>Realizar actividades pr\u00e1cticas que integren las habilidades desarrolladas y los aprendizajes adquiridos en las diferentes asignaturas del plan de estudios.<\/li><\/ul>\n\n\n\n<h3 class=\"wp-block-heading\">Eje de Formaci\u00f3n Especializante: <\/h3>\n\n\n\n<p>permite que el alumno pueda orientar su perfil hacia una especialidad de la profesi\u00f3n, teniendo la flexibilidad de elegir entre tres posibilidades. Por su car\u00e1cter, las modalidades de ense\u00f1anza-aprendizaje de este eje deben representar opciones o bloques de cr\u00e9ditos optativos del plan de estudios. As\u00ed, el alumno tendr\u00e1 la posibilidad de seleccionar 5 materias optativas, de las cuales al menos 3 deben ser de uno de los bloques, obteniendo un total de 50 cr\u00e9ditos, los cuales representan el 13.6 %  del total del Plan de Estudios. Los bloques del eje especializante est\u00e1n orientados en las siguientes \u00e1reas:<\/p>\n\n\n\n<ul><li>Matem\u00e1ticas B\u00e1sicas, <\/li><li>Sistemas Din\u00e1micos y F\u00edsica-Matem\u00e1tica, <\/li><li>Matem\u00e1ticas en Investigaci\u00f3n de Operaciones.<\/li><\/ul>\n\n\n\n<p>Una parte de los cr\u00e9ditos del Eje de Formaci\u00f3n Especializante podr\u00e1 cubrirse cursando a lo m\u00e1s dos asignaturas de otros Departamentos Acad\u00e9micos de la Universidad de Sonora, previa autorizaci\u00f3n del Coordinador de Programa de la Licenciatura en Matem\u00e1ticas. Para esto, el alumno deber\u00e1 hacer su solicitud por escrito y estar avalada por su Tutor Acad\u00e9mico, en la que indique la asignatura que le interesa cursar, el departamento en el que se imparte y justifique plenamente que dicha asignatura es importante para complementar su formaci\u00f3n matem\u00e1tica en el bloque del eje especializante elegido.<\/p>\n\n\n\n<p>El nuevo plan de estudios de la Licenciatura en Matem\u00e1ticas contempla que al menos el 10% de los cr\u00e9ditos deben ser de las \u00e1reas de Humanidades, Ciencias Sociales y Econom\u00eda. Dentro de este porcentaje est\u00e1n considerados 9 cr\u00e9ditos del Eje de Formaci\u00f3n Com\u00fan, 10 cr\u00e9ditos del curso \u201cComprensi\u00f3n de Lectura del Ingl\u00e9s\u201d y 24 cr\u00e9ditos que se cubrir\u00e1n con tres cursos orientados hacia la formaci\u00f3n docente ubicadas en el eje integrador. Adem\u00e1s, esta reestructuraci\u00f3n incluye 20 cr\u00e9ditos obligatorios en Actividades de Vinculaci\u00f3n con el sector productivo y\/o social.<\/p>\n\n\n\n<h3 class=\"wp-block-heading\">Cr\u00e9ditos M\u00ednimos, Normales y M\u00e1ximos que deber\u00e1n cursarse por Semestre:<\/h3>\n\n\n\n<p>Esta reestructuraci\u00f3n contempla 8 semestres para cubrir la totalidad de los cr\u00e9ditos de forma normal, de acuerdo al esquema que se presenta en el Mapa Curricular. El n\u00famero m\u00ednimo de cr\u00e9ditos recomendable que el alumno puede cursar por semestre es 8, mientras que el n\u00famero m\u00e1ximo es 60. La carga acad\u00e9mica normal semestral deber\u00e1 autorizarse por el Coordinador de Programa, previo visto bueno del Tutor Acad\u00e9mico de cada estudiante. As\u00ed mismo, se establece un m\u00e1ximo de 12 a\u00f1os para culminar los estudios. <\/p>\n","protected":false},"excerpt":{"rendered":"Nombre del Programa: Licenciatura en Matem\u00e1ticas.Adscripci\u00f3n: Divisi\u00f3n de Ciencias Exactas y Naturales, Unidad Regional Centro de la Universidad de Sonora. Disponibilidad de Espacios \n<a class=\"moretag\" href=\"https:\/\/lic.mat.uson.mx\/web\/index.php\/descripcion-general\/\"> [...]<\/a>","protected":false},"author":1,"featured_media":0,"parent":0,"menu_order":0,"comment_status":"closed","ping_status":"closed","template":"","meta":{"footnotes":"","_links_to":"","_links_to_target":""},"_links":{"self":[{"href":"https:\/\/lic.mat.uson.mx\/web\/index.php\/wp-json\/wp\/v2\/pages\/177"}],"collection":[{"href":"https:\/\/lic.mat.uson.mx\/web\/index.php\/wp-json\/wp\/v2\/pages"}],"about":[{"href":"https:\/\/lic.mat.uson.mx\/web\/index.php\/wp-json\/wp\/v2\/types\/page"}],"author":[{"embeddable":true,"href":"https:\/\/lic.mat.uson.mx\/web\/index.php\/wp-json\/wp\/v2\/users\/1"}],"replies":[{"embeddable":true,"href":"https:\/\/lic.mat.uson.mx\/web\/index.php\/wp-json\/wp\/v2\/comments?post=177"}],"version-history":[{"count":5,"href":"https:\/\/lic.mat.uson.mx\/web\/index.php\/wp-json\/wp\/v2\/pages\/177\/revisions"}],"predecessor-version":[{"id":182,"href":"https:\/\/lic.mat.uson.mx\/web\/index.php\/wp-json\/wp\/v2\/pages\/177\/revisions\/182"}],"wp:attachment":[{"href":"https:\/\/lic.mat.uson.mx\/web\/index.php\/wp-json\/wp\/v2\/media?parent=177"}],"curies":[{"name":"wp","href":"https:\/\/api.w.org\/{rel}","templated":true}]}}