{"id":27,"date":"2019-12-02T12:48:29","date_gmt":"2019-12-02T19:48:29","guid":{"rendered":"http:\/\/disi.uson.mx\/departamentos\/cc\/?page_id=27"},"modified":"2020-01-22T15:34:14","modified_gmt":"2020-01-22T15:34:14","slug":"conocenos","status":"publish","type":"page","link":"https:\/\/lic.mat.uson.mx\/web\/index.php\/conocenos\/","title":{"rendered":"Con\u00f3cenos"},"content":{"rendered":"<div class=\"wpb_text_column wpb_content_element \">\n<div class=\"wpb_wrapper\">\n<p><strong>Objetivo General<\/strong><\/p>\n<ul>\n<li>Preparar recursos humanos con una formaci\u00f3n s\u00f3lida en matem\u00e1ticas, con habilidades para comprender y aplicar los resultados y avances de la Matem\u00e1tica moderna.<\/li>\n<li>Fomentar el desarrollo del conocimiento matem\u00e1tico en la regi\u00f3n.<\/li>\n<li>Formar recursos humanos capacitados para realizar estudios de posgrado e Matem\u00e1ticas o \u00e1reas afines.<\/li>\n<\/ul>\n<\/div>\n<\/div>\n<div class=\"wpb_row wf-container\">\n<div class=\"vc_col-sm-6 wpb_column column_container \">\n<div class=\"wpb_wrapper\">\n<div class=\"wpb_text_column wpb_content_element fadeInUp animate-element animation-triggered start-animation\">\n<div class=\"wpb_wrapper\">\n<p><strong>Objetivos Espec\u00edficos<\/strong><\/p>\n<ul>\n<li>Formar personal con conocimientos s\u00f3lidos en Matem\u00e1ticas, con habilidades para la comunicaci\u00f3n oral y escrita que le permitan desempe\u00f1arse en el sector educativo en los niveles medio superior y superior.<\/li>\n<li>Contribuir a la soluci\u00f3n de problemas que requieren del empleo de procesos matem\u00e1ticos o de la elaboraci\u00f3n de modelos matem\u00e1ticos.<\/li>\n<li>Formar recursos humanos con conocimientos y habilidades para incorporarse en diversas \u00e1reas del sector productivo y social.<\/li>\n<li>Preparar recursos humanos capacitados para participar en grupos multidisciplinarios donde se planteen problemas de inter\u00e9s regional y nacional.<\/li>\n<li>Proveerlo de una formaci\u00f3n que le permita participar en proyectos de investigaci\u00f3n a cargo de los profesores\/investigadores del Departamento de Matem\u00e1ticas de la Universidad de Sonora y de otras instituciones.<\/li>\n<\/ul>\n<\/div>\n<\/div>\n<\/div>\n<\/div>\n<div class=\"vc_col-sm-6 wpb_column column_container \">\n<div class=\"wpb_wrapper\">\n<div class=\"wpb_text_column wpb_content_element fadeInUp animate-element animation-triggered start-animation\">\n<div class=\"wpb_wrapper\"><\/div>\n<\/div>\n<\/div>\n<\/div>\n<\/div>\n","protected":false},"excerpt":{"rendered":"Objetivo General Preparar recursos humanos con una formaci\u00f3n s\u00f3lida en matem\u00e1ticas, con habilidades para comprender y aplicar los resultados y avances de la \n<a class=\"moretag\" href=\"https:\/\/lic.mat.uson.mx\/web\/index.php\/conocenos\/\"> [...]<\/a>","protected":false},"author":1,"featured_media":0,"parent":0,"menu_order":0,"comment_status":"closed","ping_status":"closed","template":"","meta":{"footnotes":"","_links_to":"","_links_to_target":""},"_links":{"self":[{"href":"https:\/\/lic.mat.uson.mx\/web\/index.php\/wp-json\/wp\/v2\/pages\/27"}],"collection":[{"href":"https:\/\/lic.mat.uson.mx\/web\/index.php\/wp-json\/wp\/v2\/pages"}],"about":[{"href":"https:\/\/lic.mat.uson.mx\/web\/index.php\/wp-json\/wp\/v2\/types\/page"}],"author":[{"embeddable":true,"href":"https:\/\/lic.mat.uson.mx\/web\/index.php\/wp-json\/wp\/v2\/users\/1"}],"replies":[{"embeddable":true,"href":"https:\/\/lic.mat.uson.mx\/web\/index.php\/wp-json\/wp\/v2\/comments?post=27"}],"version-history":[{"count":1,"href":"https:\/\/lic.mat.uson.mx\/web\/index.php\/wp-json\/wp\/v2\/pages\/27\/revisions"}],"predecessor-version":[{"id":145,"href":"https:\/\/lic.mat.uson.mx\/web\/index.php\/wp-json\/wp\/v2\/pages\/27\/revisions\/145"}],"wp:attachment":[{"href":"https:\/\/lic.mat.uson.mx\/web\/index.php\/wp-json\/wp\/v2\/media?parent=27"}],"curies":[{"name":"wp","href":"https:\/\/api.w.org\/{rel}","templated":true}]}}