{"id":29,"date":"2019-12-02T12:48:45","date_gmt":"2019-12-02T19:48:45","guid":{"rendered":"http:\/\/disi.uson.mx\/departamentos\/cc\/?page_id=29"},"modified":"2020-01-23T17:38:26","modified_gmt":"2020-01-23T17:38:26","slug":"mision-y-vision","status":"publish","type":"page","link":"https:\/\/lic.mat.uson.mx\/web\/index.php\/mision-y-vision\/","title":{"rendered":"Misi\u00f3n  y Visi\u00f3n"},"content":{"rendered":"<p><strong>Misi\u00f3n<\/strong><strong><br \/>\n<\/strong><\/p>\n<p>La Misi\u00f3n de la Licenciatura en Matem\u00e1ticas de la Universidad de Sonora es ofrecer un ambiente en el que se propicie la disciplina matem\u00e1tica, se capacite al alumno para la investigaci\u00f3n y elaboraci\u00f3n de modelos y estructuras matem\u00e1ticas que faciliten la comprensi\u00f3n de las relaciones entre los componentes de un fen\u00f3meno dado, que permita a los estudiantes y egresados contribuir al desarrollo cient\u00edfico y social de la Sociedad Sonorense y de la regi\u00f3n noroeste de nuestro pa\u00eds.<\/p>\n<p><strong>Visi\u00f3n<\/strong><\/p>\n<p><span lang=\"ES-MX\">Formar profesionistas de las Matem\u00e1ticas altamente competitivos a nivel internacional en los \u00e1mbitos de investigaci\u00f3n, docencia y aplicaci\u00f3n del conocimiento en la soluci\u00f3n de problemas surgidos del entorno social y productivo. <\/span><\/p>\n","protected":false},"excerpt":{"rendered":"Misi\u00f3n La Misi\u00f3n de la Licenciatura en Matem\u00e1ticas de la Universidad de Sonora es ofrecer un ambiente en el que se propicie la \n<a class=\"moretag\" href=\"https:\/\/lic.mat.uson.mx\/web\/index.php\/mision-y-vision\/\"> [...]<\/a>","protected":false},"author":1,"featured_media":0,"parent":0,"menu_order":0,"comment_status":"closed","ping_status":"closed","template":"","meta":{"footnotes":"","_links_to":"","_links_to_target":""},"_links":{"self":[{"href":"https:\/\/lic.mat.uson.mx\/web\/index.php\/wp-json\/wp\/v2\/pages\/29"}],"collection":[{"href":"https:\/\/lic.mat.uson.mx\/web\/index.php\/wp-json\/wp\/v2\/pages"}],"about":[{"href":"https:\/\/lic.mat.uson.mx\/web\/index.php\/wp-json\/wp\/v2\/types\/page"}],"author":[{"embeddable":true,"href":"https:\/\/lic.mat.uson.mx\/web\/index.php\/wp-json\/wp\/v2\/users\/1"}],"replies":[{"embeddable":true,"href":"https:\/\/lic.mat.uson.mx\/web\/index.php\/wp-json\/wp\/v2\/comments?post=29"}],"version-history":[{"count":2,"href":"https:\/\/lic.mat.uson.mx\/web\/index.php\/wp-json\/wp\/v2\/pages\/29\/revisions"}],"predecessor-version":[{"id":157,"href":"https:\/\/lic.mat.uson.mx\/web\/index.php\/wp-json\/wp\/v2\/pages\/29\/revisions\/157"}],"wp:attachment":[{"href":"https:\/\/lic.mat.uson.mx\/web\/index.php\/wp-json\/wp\/v2\/media?parent=29"}],"curies":[{"name":"wp","href":"https:\/\/api.w.org\/{rel}","templated":true}]}}