{"id":39,"date":"2019-12-02T13:19:53","date_gmt":"2019-12-02T20:19:53","guid":{"rendered":"http:\/\/disi.uson.mx\/departamentos\/cc\/?page_id=39"},"modified":"2020-01-22T17:09:35","modified_gmt":"2020-01-22T17:09:35","slug":"titulacion","status":"publish","type":"page","link":"https:\/\/lic.mat.uson.mx\/web\/index.php\/titulacion\/","title":{"rendered":"Egreso"},"content":{"rendered":"<div class=\"vc_row wpb_row vc_inner wf-container\">\n<div class=\"wpb_column vc_column_container vc_col-sm-6\">\n<div class=\"vc_column-inner\">\n<div class=\"wpb_wrapper\">\n<div class=\"wpb_text_column wpb_content_element  \">\n<div class=\"wpb_wrapper\">\n<h3><strong>Requisitos de egreso o pasant\u00eda:<\/strong><\/h3>\n<ul>\n<li>Haber cubierto la totalidad de los cr\u00e9ditos del programa.<\/li>\n<li>Cumplir con el Servicio Social Universitario, conforme a la normatividad respectiva.<\/li>\n<\/ul>\n<p><strong><a href=\"https:\/\/serviciosescolares.unison.mx\/certificado-de-estudios\/\" target=\"_blank\" rel=\"noopener noreferrer\">Requisitos para tr\u00e1mite de certificado de pasante<\/a><\/strong><\/p>\n<\/div>\n<\/div>\n<\/div>\n<\/div>\n<\/div>\n<div class=\"wpb_column vc_column_container vc_col-sm-6\">\n<div class=\"vc_column-inner\">\n<div class=\"wpb_wrapper\">\n<div class=\"wpb_text_column wpb_content_element  \">\n<div class=\"wpb_wrapper\">\n<h3><strong>Requisitos de titulaci\u00f3n:\u00a0<\/strong><\/h3>\n<ul>\n<li>Haber aprobado la totalidad del plan de estudios del programa correspondiente.<\/li>\n<li>Haber cumplido el Servicio Social Universitario.<\/li>\n<li>Haber satisfecho los requerimientos espec\u00edficos establecidos para la opci\u00f3n de titulaci\u00f3n seleccionada. Consulta: <a href=\"https:\/\/serviciosescolares.unison.mx\/titulacion\/\" target=\"_blank\" rel=\"noopener noreferrer\"><strong>opciones y requisitos de titulaci\u00f3n<\/strong><\/a><\/li>\n<li>Cumplir con todos los requisitos establecidos en los art\u00edculos 84 y 84 bis del Reglamento Escolar vigente. Consulta: <strong><a href=\"https:\/\/www.unison.mx\/institucional\/marconormativo\/reglamentosescolares\/ReglamentoEscolar2017\/\" target=\"_blank\" rel=\"noopener noreferrer\">Reglamento Escolar<\/a><\/strong><\/li>\n<\/ul>\n<\/div>\n<\/div>\n<\/div>\n<\/div>\n<\/div>\n<\/div>\n","protected":false},"excerpt":{"rendered":"Requisitos de egreso o pasant\u00eda: Haber cubierto la totalidad de los cr\u00e9ditos del programa. Cumplir con el Servicio Social Universitario, conforme a la \n<a class=\"moretag\" href=\"https:\/\/lic.mat.uson.mx\/web\/index.php\/titulacion\/\"> [...]<\/a>","protected":false},"author":1,"featured_media":0,"parent":0,"menu_order":0,"comment_status":"closed","ping_status":"closed","template":"","meta":{"footnotes":"","_links_to":"","_links_to_target":""},"_links":{"self":[{"href":"https:\/\/lic.mat.uson.mx\/web\/index.php\/wp-json\/wp\/v2\/pages\/39"}],"collection":[{"href":"https:\/\/lic.mat.uson.mx\/web\/index.php\/wp-json\/wp\/v2\/pages"}],"about":[{"href":"https:\/\/lic.mat.uson.mx\/web\/index.php\/wp-json\/wp\/v2\/types\/page"}],"author":[{"embeddable":true,"href":"https:\/\/lic.mat.uson.mx\/web\/index.php\/wp-json\/wp\/v2\/users\/1"}],"replies":[{"embeddable":true,"href":"https:\/\/lic.mat.uson.mx\/web\/index.php\/wp-json\/wp\/v2\/comments?post=39"}],"version-history":[{"count":1,"href":"https:\/\/lic.mat.uson.mx\/web\/index.php\/wp-json\/wp\/v2\/pages\/39\/revisions"}],"predecessor-version":[{"id":154,"href":"https:\/\/lic.mat.uson.mx\/web\/index.php\/wp-json\/wp\/v2\/pages\/39\/revisions\/154"}],"wp:attachment":[{"href":"https:\/\/lic.mat.uson.mx\/web\/index.php\/wp-json\/wp\/v2\/media?parent=39"}],"curies":[{"name":"wp","href":"https:\/\/api.w.org\/{rel}","templated":true}]}}