{"id":41,"date":"2019-12-02T13:20:14","date_gmt":"2019-12-02T20:20:14","guid":{"rendered":"http:\/\/disi.uson.mx\/departamentos\/cc\/?page_id=41"},"modified":"2019-12-02T13:20:14","modified_gmt":"2019-12-02T20:20:14","slug":"idioma","status":"publish","type":"page","link":"https:\/\/lic.mat.uson.mx\/web\/index.php\/idioma\/","title":{"rendered":"Idioma"},"content":{"rendered":"<header class=\"entry-header\">\n<h3 class=\"entry-title\">Requisitos de idioma<\/h3>\n<\/header>\n<div class=\"entry-content\">\n<h4>Informaci\u00f3n para alumnos universitarios y egresados que no hayan cumplido con su nivel de ingl\u00e9s<\/h4>\n<p>Los estudiantes y egresados no titulados de los programas de licenciatura de la Universidad de Sonora podr\u00e1n acreditar este requisito mediante alguna de las opciones siguientes:<\/p>\n<ol>\n<li>Acreditar el nivel IV de ingl\u00e9s en el Departamento de Lenguas Extranjeras<\/li>\n<li>Acreditar el curso Comprensi\u00f3n de Lectura 1 del Departamento de Lenguas Extranjeras.<\/li>\n<li>Acreditar la obtenci\u00f3n de al menos 320 puntos en el examen TOEFL.<\/li>\n<li>Acreditar una estancia internacional en idioma ingl\u00e9s de tres meses como m\u00ednimo.<\/li>\n<li>Acreditar estudios escolarizados concluidos, realizados en idioma ingl\u00e9s, equivalentes a los niveles de educaci\u00f3n b\u00e1sica y media superior.<\/li>\n<li>Acreditar al menos una asignatura de nivel superior, cursada y aprobada, en idioma ingl\u00e9s.<\/li>\n<\/ol>\n<h4><\/h4>\n<h4><strong>Requisitos para el registro<\/strong><\/h4>\n<ul>\n<li>Consultar el <a href=\"https:\/\/www.alumnos.unison.mx\/\">portal de alumnos<\/a>, donde se avisa con anticipaci\u00f3n la fecha para solicitud de ficha \u00a0de examen de colocaci\u00f3n<\/li>\n<li>El sistema le otorgar\u00e1 la ficha con <strong>n\u00famero de folio y la hora <\/strong>para solicitar el horario del examen. Anote o imprima esta informaci\u00f3n.<\/li>\n<li>La aplicaci\u00f3n de examen de colocaci\u00f3n en el Departamento de Lenguas Extranjeras de acuerdo al horario\u00a0 especificado en su ficha de registro.<\/li>\n<li>Requisitos para el\u00a0examen:\n<ul>\n<li>Presentarse con 15 minutos de anticipaci\u00f3n<\/li>\n<li>credencial con fotograf\u00eda vigente y legible (IFE, Licencia, credencial de la Universidad de Sonora, o pasaporte mexicano)<\/li>\n<li>l\u00e1piz No.2.<\/li>\n<li>Una vez iniciado el examen no se permitir\u00e1 la entrada a ning\u00fan alumno.<\/li>\n<li><em><strong>Este examen no aplica para alumnos de primer ingreso a la Universidad, derivado de que ya se les asign\u00f3 cita para su examen de ingl\u00e9s, como parte del proceso de admisi\u00f3n.<\/strong><\/em><\/li>\n<\/ul>\n<\/li>\n<li>La publicaci\u00f3n de resultados de examen de colocaci\u00f3n se hace en :\u00a0<strong><a href=\"http:\/\/www.admision.uson.mx\/ingles\">www.admision.uson.mx\/ingles<\/a><\/strong> y en tableros del Departamento de Lenguas Extranjeras.<\/li>\n<\/ul>\n<p>&nbsp;<\/p>\n<h4><strong>NOTAS<\/strong><\/h4>\n<ul>\n<li>El sistema de inscripciones en l\u00ednea se abrir\u00e1 <strong><em>primero para aquellos alumnos que tengan el mayor n\u00famero de cr\u00e9ditos aprobados en su carrera<\/em>. <\/strong>El sistema se cerrar\u00e1 una vez que la oferta de grupos se haya agotado.<\/li>\n<li>\u00a0La acreditaci\u00f3n de cada curso de ingl\u00e9s aprobado aparece en la parte superior del k\u00e1rdex del alumno.<\/li>\n<li>La inscripci\u00f3n y re inscripci\u00f3n a otros idiomas se hace presencialmente, acudir directamente al Departamento de Lenguas Extranjeras entre 9:00 a.m. y 5:30 p.m. con credencial UNISON.<\/li>\n<\/ul>\n<\/div>\n","protected":false},"excerpt":{"rendered":"Requisitos de idioma Informaci\u00f3n para alumnos universitarios y egresados que no hayan cumplido con su nivel de ingl\u00e9s Los estudiantes y egresados no \n<a class=\"moretag\" href=\"https:\/\/lic.mat.uson.mx\/web\/index.php\/idioma\/\"> [...]<\/a>","protected":false},"author":1,"featured_media":0,"parent":0,"menu_order":0,"comment_status":"closed","ping_status":"closed","template":"","meta":{"footnotes":"","_links_to":"","_links_to_target":""},"_links":{"self":[{"href":"https:\/\/lic.mat.uson.mx\/web\/index.php\/wp-json\/wp\/v2\/pages\/41"}],"collection":[{"href":"https:\/\/lic.mat.uson.mx\/web\/index.php\/wp-json\/wp\/v2\/pages"}],"about":[{"href":"https:\/\/lic.mat.uson.mx\/web\/index.php\/wp-json\/wp\/v2\/types\/page"}],"author":[{"embeddable":true,"href":"https:\/\/lic.mat.uson.mx\/web\/index.php\/wp-json\/wp\/v2\/users\/1"}],"replies":[{"embeddable":true,"href":"https:\/\/lic.mat.uson.mx\/web\/index.php\/wp-json\/wp\/v2\/comments?post=41"}],"version-history":[{"count":0,"href":"https:\/\/lic.mat.uson.mx\/web\/index.php\/wp-json\/wp\/v2\/pages\/41\/revisions"}],"wp:attachment":[{"href":"https:\/\/lic.mat.uson.mx\/web\/index.php\/wp-json\/wp\/v2\/media?parent=41"}],"curies":[{"name":"wp","href":"https:\/\/api.w.org\/{rel}","templated":true}]}}