{"id":51,"date":"2019-12-02T13:23:49","date_gmt":"2019-12-02T20:23:49","guid":{"rendered":"http:\/\/disi.uson.mx\/departamentos\/cc\/?page_id=51"},"modified":"2020-01-31T17:53:33","modified_gmt":"2020-01-31T17:53:33","slug":"tutorias","status":"publish","type":"page","link":"https:\/\/lic.mat.uson.mx\/web\/index.php\/tutorias\/","title":{"rendered":"Tutor\u00edas"},"content":{"rendered":"<h4>\u00bfQu\u00e9 es la Tutor\u00eda?<\/h4>\n<p>Consiste en el acompa\u00f1amiento de un tutor o tutora que brinda orientaci\u00f3n o gu\u00eda durante toda la trayectoria escolar para favorecer el rendimiento acad\u00e9mico y el desarrollo personal y social de los estudiantes.<\/p>\n<h4>\u00bfPara qu\u00e9 sirve la tutor\u00eda a los alumnos?<\/h4>\n<ul>\n<li>Apoyar la adaptaci\u00f3n e integraci\u00f3n al ambiente universitario.<\/li>\n<li>Dise\u00f1ar la trayectoria curricular m\u00e1s adecuada, de acuerdo con los recursos, capacidades y expectativas personales y\/o familiares de cada estudiante.<\/li>\n<li>Seleccionar actividades complementarias para optimizar la formaci\u00f3n.<\/li>\n<li>Conocer los apoyos y beneficios que de los diversos servicios universitarios.<\/li>\n<li>Desarrollar o mejorar estrategias de estudio.<\/li>\n<li>Superar dificultades en el aprendizaje y mejorar calificaciones.<\/li>\n<li>Comprender las caracter\u00edsticas del plan de estudios y los requisitos de egreso que se deben cumplir.<\/li>\n<li>Conocer diversas formas de resolver problemas dentro de la universidad y las opciones en caso de reprobaci\u00f3n o rezago.<\/li>\n<li>Aprovechar servicios especializados disponibles en la instituci\u00f3n en caso de dificultades extraacad\u00e9micas.<\/li>\n<li>Apoyar en la motivaci\u00f3n y actitud para la conclusi\u00f3n de los estudios.<\/li>\n<li>Orientar en la integraci\u00f3n al campo laboral y\/o la continuaci\u00f3n de los estudios<\/li>\n<\/ul>\n<h4>\u00bfPor qu\u00e9 es importante la interacci\u00f3n con el tutor o tutora?<\/h4>\n<ul>\n<li>Permite identificar a tiempo dificultades que puedan repercutir en un bajo desempe\u00f1o acad\u00e9mico y ofrecer orientaci\u00f3n para superarlas.<\/li>\n<li>Una comunicaci\u00f3n continua permite reconocer las oportunidades para una mejor formaci\u00f3n profesional.<\/li>\n<\/ul>\n<h4>\u00bfEn qu\u00e9 consiste la tutor\u00eda?<\/h4>\n<p>Generalmente se concreta en entrevistas individuales con el tutor o tutora, as\u00ed como en la asistencia a actividades grupales que organiza y convoca el Responsable del programa de tutor\u00edas de la licenciatura en conjunto con el grupo de tutores.<\/p>\n<h4>\u00bfTodos los maestros son tutores?<\/h4>\n<p>La Universidad acredita a los maestros que pueden desempe\u00f1ar funciones de tutor\u00eda con base en una capacitaci\u00f3n b\u00e1sica, la cual es un requisito indispensable para ejercer esta tarea, adem\u00e1s ofrece capacitaci\u00f3n continua para mejorar sus habilidades y actualizar sus conocimientos en el tema.<\/p>\n<h4>\u00bfTodos los estudiantes tienen tutor?<\/h4>\n<p>Se asigna tutor a estudiantes identificados en riesgo acad\u00e9mico.<\/p>\n<h4>\u00bfC\u00f3mo se asignan los tutores a los estudiantes?<\/h4>\n<p>El Responsable de tutor\u00edas de la licenciatura asigna los tutores a los estudiantes al azar, generalmente se asignan tutores individuales y en carreras de mayor matr\u00edcula se asignan tutores por grupo.<\/p>\n<h4>\u00bfD\u00f3nde se lleva a cabo la tutor\u00eda y en qu\u00e9 horario?<\/h4>\n<p>Los tutores generalmente atienden a sus tutorados en sus cub\u00edculos, en el caso de tutores grupales en aula pero de requerir atenci\u00f3n individual atienden tambi\u00e9n en su cub\u00edculo. El horario de atenci\u00f3n lo define cada tutor pero es posible acordar un horario que convenga a ambos.<\/p>\n<h4>\u00bfQui\u00e9nes son los responsables de esta actividad?<\/h4>\n<p>Los Responsables de tutor\u00eda en las licenciaturas coordinan estas actividades, apoyados por los jefes de departamento y los coordinadores divisionales de tutor\u00eda.<\/p>\n<h4>\u00bfEs posible cambiar de tutor?<\/h4>\n<p>En cualquier momento un estudiante puede solicitar cambio de tutor, el Responsable de tutor\u00edas de la licenciatura es quien realiza este cambio a solicitud del estudiante y puede asignar al tutor o tutora que el estudiante elija, previa aceptaci\u00f3n de este maestro\/a.<\/p>\n<h4>\u00bfQu\u00e9 justifica el cambio de tutor?<\/h4>\n<p>Cuando la comunicaci\u00f3n o interacci\u00f3n entre tutor y tutorado no es favorable o no existe compatibilidad entre ambos. Cuando existe afinidad y comunicaci\u00f3n frecuente con otro maestro o maestra y el estudiante desea que se le asigne formalmente como tutor o tutora.<\/p>\n<h4>Responsable del programa de tutor\u00edas en la Licenciatura en Matem\u00e1ticas:<\/h4>\n<p><strong>\u00a0<\/strong><\/p>\n","protected":false},"excerpt":{"rendered":"\u00bfQu\u00e9 es la Tutor\u00eda? Consiste en el acompa\u00f1amiento de un tutor o tutora que brinda orientaci\u00f3n o gu\u00eda durante toda la trayectoria escolar \n<a class=\"moretag\" href=\"https:\/\/lic.mat.uson.mx\/web\/index.php\/tutorias\/\"> [...]<\/a>","protected":false},"author":1,"featured_media":0,"parent":0,"menu_order":0,"comment_status":"closed","ping_status":"closed","template":"","meta":{"footnotes":"","_links_to":"","_links_to_target":""},"_links":{"self":[{"href":"https:\/\/lic.mat.uson.mx\/web\/index.php\/wp-json\/wp\/v2\/pages\/51"}],"collection":[{"href":"https:\/\/lic.mat.uson.mx\/web\/index.php\/wp-json\/wp\/v2\/pages"}],"about":[{"href":"https:\/\/lic.mat.uson.mx\/web\/index.php\/wp-json\/wp\/v2\/types\/page"}],"author":[{"embeddable":true,"href":"https:\/\/lic.mat.uson.mx\/web\/index.php\/wp-json\/wp\/v2\/users\/1"}],"replies":[{"embeddable":true,"href":"https:\/\/lic.mat.uson.mx\/web\/index.php\/wp-json\/wp\/v2\/comments?post=51"}],"version-history":[{"count":1,"href":"https:\/\/lic.mat.uson.mx\/web\/index.php\/wp-json\/wp\/v2\/pages\/51\/revisions"}],"predecessor-version":[{"id":171,"href":"https:\/\/lic.mat.uson.mx\/web\/index.php\/wp-json\/wp\/v2\/pages\/51\/revisions\/171"}],"wp:attachment":[{"href":"https:\/\/lic.mat.uson.mx\/web\/index.php\/wp-json\/wp\/v2\/media?parent=51"}],"curies":[{"name":"wp","href":"https:\/\/api.w.org\/{rel}","templated":true}]}}